{"id":30,"date":"2016-07-18T01:47:37","date_gmt":"2016-07-18T01:47:37","guid":{"rendered":"http:\/\/www.buffetcancun.com.br\/?page_id=30"},"modified":"2016-10-22T17:53:54","modified_gmt":"2016-10-22T17:53:54","slug":"infantil","status":"publish","type":"page","link":"https:\/\/www.buffetcancun.com.br\/index.php\/festas\/infantil\/","title":{"rendered":"Infantil"},"content":{"rendered":"<h2>Sugest\u00e3o de decorac\u00f5es do ambiente (sal\u00e3o), mas temos outras\u00a0opc\u00f5es a escolher.<\/h2>\n\t\n    <style>\n    #slgf_111 .b-link-stroke .b-top-line{\n        background: rgba(10, 194, 210, 0.5);\n    }\n    #slgf_111 .b-link-stroke .b-bottom-line{\n        background: rgba(10, 194, 210, 0.5);\n    }\n\n    #slgf_111 .b-wrapper{\n        font-family:Arial; \/\/ real name pass here\n    }\n\t@media (min-width: 992px){\n\t\t#slgf_111 .col-md-6 {\n\t\t\twidth: 49.97% !important;\n\t\t}\n\t\t#slgf_111 .col-md-4 {\n\t\t\twidth: 33.30% !important;\n\t\t}\n\t\t#slgf_111 .col-md-3 {\n\t\t\twidth: 24.90% !important;\n\t\t}\n\t\t#slgf_111 .col-md-2 {\n\t\t\twidth: 16.60% !important;\n\t\t}\n\t}\n\t#slgf_111 .slgf_home_portfolio_caption{\n\t\tbackground:#FFFFFF;\n\t}\n\t#slgf_111 .slgf_home_portfolio_caption h3{\n\t\tcolor:#000000;\n\t}\n\t\t#slgf_111 .img-box-shadow{\n\t\tbox-shadow: 0 0 6px rgba(0,0,0,.7);\n\t}\n\t\t\n\t    <\/style>\n\n    \n    <div  class=\"gal-container\" id=\"slgf_111\">\n\t\t\t\t\t<!--get the post id-->\n\t\t\t\n\t\t\t\t<!--Gallery Title-->\n\t\t\t\t\t\t\t\t<div style=\"font-weight: bolder; padding-bottom:20px; border-bottom:2px solid #cccccc;margin-bottom: 20px\">\n\t\t\t\t\tInfantil\t\t\t\t<\/div>\n\t\t\t\t\t\t\t\t\n\t\t\t\t<div class=\"gallery1\">\n\t\t\t\t\t\t\t\t\t\t\t<div class=\"col-md-6 col-sm-6 wl-gallery\" >\n\t\t\t\t\t\t\t<div class=\"img-box-shadow\">\n\t\t\t\t\t\t\t\n\t\t\t\t\t\t\t\t\t\t\t\t\t\t\t\t<a title=\"\" class=\"swipebox_111\"  href=\"http:\/\/www.buffetcancun.com.br\/wp-content\/uploads\/2016\/10\/infantil1.jpg\">\n\t\t\t\t\t\t\t\t\t<div class=\"b-link-stroke b-animate-go\">\n\t\t\t\t\t\t\t\t\t\t<img src=\"http:\/\/www.buffetcancun.com.br\/wp-content\/uploads\/2016\/10\/infantil1-500x500.jpg\" class=\"gall-img-responsive\" alt=\"\">\n\t\t\t\t\t\t\t\t\t<\/div>\n\t\t\t\t\t\t\t\t<\/a>\n\n\t\t\t\t\t\t\t\t<!--Gallery Label-->\n\t\t\t\t\t\t\t\t\t\t\t\t\t\t\t<\/div>\n\t\t\t\t\t\t<\/div>\n\t\t\t\t\t\t\t\t\t\t\t\t<div class=\"col-md-6 col-sm-6 wl-gallery\" >\n\t\t\t\t\t\t\t<div class=\"img-box-shadow\">\n\t\t\t\t\t\t\t\n\t\t\t\t\t\t\t\t\t\t\t\t\t\t\t\t<a title=\"\" class=\"swipebox_111\"  href=\"http:\/\/www.buffetcancun.com.br\/wp-content\/uploads\/2016\/10\/infantil2.jpg\">\n\t\t\t\t\t\t\t\t\t<div class=\"b-link-stroke b-animate-go\">\n\t\t\t\t\t\t\t\t\t\t<img src=\"http:\/\/www.buffetcancun.com.br\/wp-content\/uploads\/2016\/10\/infantil2-500x500.jpg\" class=\"gall-img-responsive\" alt=\"\">\n\t\t\t\t\t\t\t\t\t<\/div>\n\t\t\t\t\t\t\t\t<\/a>\n\n\t\t\t\t\t\t\t\t<!--Gallery Label-->\n\t\t\t\t\t\t\t\t\t\t\t\t\t\t\t<\/div>\n\t\t\t\t\t\t<\/div>\n\t\t\t\t\t\t\t\t\t\t\t\t<div class=\"col-md-6 col-sm-6 wl-gallery\" >\n\t\t\t\t\t\t\t<div class=\"img-box-shadow\">\n\t\t\t\t\t\t\t\n\t\t\t\t\t\t\t\t\t\t\t\t\t\t\t\t<a title=\"\" class=\"swipebox_111\"  href=\"http:\/\/www.buffetcancun.com.br\/wp-content\/uploads\/2016\/10\/infantil3.jpg\">\n\t\t\t\t\t\t\t\t\t<div class=\"b-link-stroke b-animate-go\">\n\t\t\t\t\t\t\t\t\t\t<img src=\"http:\/\/www.buffetcancun.com.br\/wp-content\/uploads\/2016\/10\/infantil3-500x500.jpg\" class=\"gall-img-responsive\" alt=\"\">\n\t\t\t\t\t\t\t\t\t<\/div>\n\t\t\t\t\t\t\t\t<\/a>\n\n\t\t\t\t\t\t\t\t<!--Gallery Label-->\n\t\t\t\t\t\t\t\t\t\t\t\t\t\t\t<\/div>\n\t\t\t\t\t\t<\/div>\n\t\t\t\t\t\t\t\t\t\t\t\t<div class=\"col-md-6 col-sm-6 wl-gallery\" >\n\t\t\t\t\t\t\t<div class=\"img-box-shadow\">\n\t\t\t\t\t\t\t\n\t\t\t\t\t\t\t\t\t\t\t\t\t\t\t\t<a title=\"\" class=\"swipebox_111\"  href=\"http:\/\/www.buffetcancun.com.br\/wp-content\/uploads\/2016\/10\/infantil5.jpg\">\n\t\t\t\t\t\t\t\t\t<div class=\"b-link-stroke b-animate-go\">\n\t\t\t\t\t\t\t\t\t\t<img src=\"http:\/\/www.buffetcancun.com.br\/wp-content\/uploads\/2016\/10\/infantil5-500x500.jpg\" class=\"gall-img-responsive\" alt=\"\">\n\t\t\t\t\t\t\t\t\t<\/div>\n\t\t\t\t\t\t\t\t<\/a>\n\n\t\t\t\t\t\t\t\t<!--Gallery Label-->\n\t\t\t\t\t\t\t\t\t\t\t\t\t\t\t<\/div>\n\t\t\t\t\t\t<\/div>\n\t\t\t\t\t\t\t\t\t\t\t\t<div class=\"col-md-6 col-sm-6 wl-gallery\" >\n\t\t\t\t\t\t\t<div class=\"img-box-shadow\">\n\t\t\t\t\t\t\t\n\t\t\t\t\t\t\t\t\t\t\t\t\t\t\t\t<a title=\"\" class=\"swipebox_111\"  href=\"http:\/\/www.buffetcancun.com.br\/wp-content\/uploads\/2016\/10\/infantil4.jpg\">\n\t\t\t\t\t\t\t\t\t<div class=\"b-link-stroke b-animate-go\">\n\t\t\t\t\t\t\t\t\t\t<img src=\"http:\/\/www.buffetcancun.com.br\/wp-content\/uploads\/2016\/10\/infantil4-500x500.jpg\" class=\"gall-img-responsive\" alt=\"\">\n\t\t\t\t\t\t\t\t\t<\/div>\n\t\t\t\t\t\t\t\t<\/a>\n\n\t\t\t\t\t\t\t\t<!--Gallery Label-->\n\t\t\t\t\t\t\t\t\t\t\t\t\t\t\t<\/div>\n\t\t\t\t\t\t<\/div>\n\t\t\t\t\t\t\t\t\t\t\t\t<div class=\"col-md-6 col-sm-6 wl-gallery\" >\n\t\t\t\t\t\t\t<div class=\"img-box-shadow\">\n\t\t\t\t\t\t\t\n\t\t\t\t\t\t\t\t\t\t\t\t\t\t\t\t<a title=\"\" class=\"swipebox_111\"  href=\"http:\/\/www.buffetcancun.com.br\/wp-content\/uploads\/2016\/10\/infantil6.jpg\">\n\t\t\t\t\t\t\t\t\t<div class=\"b-link-stroke b-animate-go\">\n\t\t\t\t\t\t\t\t\t\t<img src=\"http:\/\/www.buffetcancun.com.br\/wp-content\/uploads\/2016\/10\/infantil6-500x500.jpg\" class=\"gall-img-responsive\" alt=\"\">\n\t\t\t\t\t\t\t\t\t<\/div>\n\t\t\t\t\t\t\t\t<\/a>\n\n\t\t\t\t\t\t\t\t<!--Gallery Label-->\n\t\t\t\t\t\t\t\t\t\t\t\t\t\t\t<\/div>\n\t\t\t\t\t\t<\/div>\n\t\t\t\t\t\t\t\t\t\t\t\t<div class=\"col-md-6 col-sm-6 wl-gallery\" >\n\t\t\t\t\t\t\t<div class=\"img-box-shadow\">\n\t\t\t\t\t\t\t\n\t\t\t\t\t\t\t\t\t\t\t\t\t\t\t\t<a title=\"\" class=\"swipebox_111\"  href=\"http:\/\/www.buffetcancun.com.br\/wp-content\/uploads\/2016\/10\/infantil9.jpg\">\n\t\t\t\t\t\t\t\t\t<div class=\"b-link-stroke b-animate-go\">\n\t\t\t\t\t\t\t\t\t\t<img src=\"http:\/\/www.buffetcancun.com.br\/wp-content\/uploads\/2016\/10\/infantil9-500x500.jpg\" class=\"gall-img-responsive\" alt=\"\">\n\t\t\t\t\t\t\t\t\t<\/div>\n\t\t\t\t\t\t\t\t<\/a>\n\n\t\t\t\t\t\t\t\t<!--Gallery Label-->\n\t\t\t\t\t\t\t\t\t\t\t\t\t\t\t<\/div>\n\t\t\t\t\t\t<\/div>\n\t\t\t\t\t\t\t\t\t\t\t\t<div class=\"col-md-6 col-sm-6 wl-gallery\" >\n\t\t\t\t\t\t\t<div class=\"img-box-shadow\">\n\t\t\t\t\t\t\t\n\t\t\t\t\t\t\t\t\t\t\t\t\t\t\t\t<a title=\"\" class=\"swipebox_111\"  href=\"http:\/\/www.buffetcancun.com.br\/wp-content\/uploads\/2016\/10\/infantil8.jpg\">\n\t\t\t\t\t\t\t\t\t<div class=\"b-link-stroke b-animate-go\">\n\t\t\t\t\t\t\t\t\t\t<img src=\"http:\/\/www.buffetcancun.com.br\/wp-content\/uploads\/2016\/10\/infantil8-500x500.jpg\" class=\"gall-img-responsive\" alt=\"\">\n\t\t\t\t\t\t\t\t\t<\/div>\n\t\t\t\t\t\t\t\t<\/a>\n\n\t\t\t\t\t\t\t\t<!--Gallery Label-->\n\t\t\t\t\t\t\t\t\t\t\t\t\t\t\t<\/div>\n\t\t\t\t\t\t<\/div>\n\t\t\t\t\t\t\t\t\t\t\t\t<div class=\"col-md-6 col-sm-6 wl-gallery\" >\n\t\t\t\t\t\t\t<div class=\"img-box-shadow\">\n\t\t\t\t\t\t\t\n\t\t\t\t\t\t\t\t\t\t\t\t\t\t\t\t<a title=\"\" class=\"swipebox_111\"  href=\"http:\/\/www.buffetcancun.com.br\/wp-content\/uploads\/2016\/10\/infantil7.jpg\">\n\t\t\t\t\t\t\t\t\t<div class=\"b-link-stroke b-animate-go\">\n\t\t\t\t\t\t\t\t\t\t<img src=\"http:\/\/www.buffetcancun.com.br\/wp-content\/uploads\/2016\/10\/infantil7-500x500.jpg\" class=\"gall-img-responsive\" alt=\"\">\n\t\t\t\t\t\t\t\t\t<\/div>\n\t\t\t\t\t\t\t\t<\/a>\n\n\t\t\t\t\t\t\t\t<!--Gallery Label-->\n\t\t\t\t\t\t\t\t\t\t\t\t\t\t\t<\/div>\n\t\t\t\t\t\t<\/div>\n\t\t\t\t\t\t\t\t\t\t\t\t<div class=\"col-md-6 col-sm-6 wl-gallery\" >\n\t\t\t\t\t\t\t<div class=\"img-box-shadow\">\n\t\t\t\t\t\t\t\n\t\t\t\t\t\t\t\t\t\t\t\t\t\t\t\t<a title=\"\" class=\"swipebox_111\"  href=\"http:\/\/www.buffetcancun.com.br\/wp-content\/uploads\/2016\/10\/infantil10.jpg\">\n\t\t\t\t\t\t\t\t\t<div class=\"b-link-stroke b-animate-go\">\n\t\t\t\t\t\t\t\t\t\t<img src=\"http:\/\/www.buffetcancun.com.br\/wp-content\/uploads\/2016\/10\/infantil10-500x500.jpg\" class=\"gall-img-responsive\" alt=\"\">\n\t\t\t\t\t\t\t\t\t<\/div>\n\t\t\t\t\t\t\t\t<\/a>\n\n\t\t\t\t\t\t\t\t<!--Gallery Label-->\n\t\t\t\t\t\t\t\t\t\t\t\t\t\t\t<\/div>\n\t\t\t\t\t\t<\/div>\n\t\t\t\t\t\t\t\t\t\t\t\t<div class=\"col-md-6 col-sm-6 wl-gallery\" >\n\t\t\t\t\t\t\t<div class=\"img-box-shadow\">\n\t\t\t\t\t\t\t\n\t\t\t\t\t\t\t\t\t\t\t\t\t\t\t\t<a title=\"\" class=\"swipebox_111\"  href=\"http:\/\/www.buffetcancun.com.br\/wp-content\/uploads\/2016\/10\/infantil12.jpg\">\n\t\t\t\t\t\t\t\t\t<div class=\"b-link-stroke b-animate-go\">\n\t\t\t\t\t\t\t\t\t\t<img src=\"http:\/\/www.buffetcancun.com.br\/wp-content\/uploads\/2016\/10\/infantil12-500x500.jpg\" class=\"gall-img-responsive\" alt=\"\">\n\t\t\t\t\t\t\t\t\t<\/div>\n\t\t\t\t\t\t\t\t<\/a>\n\n\t\t\t\t\t\t\t\t<!--Gallery Label-->\n\t\t\t\t\t\t\t\t\t\t\t\t\t\t\t<\/div>\n\t\t\t\t\t\t<\/div>\n\t\t\t\t\t\t\t\t\t\t\t\t<div class=\"col-md-6 col-sm-6 wl-gallery\" >\n\t\t\t\t\t\t\t<div class=\"img-box-shadow\">\n\t\t\t\t\t\t\t\n\t\t\t\t\t\t\t\t\t\t\t\t\t\t\t\t<a title=\"\" class=\"swipebox_111\"  href=\"http:\/\/www.buffetcancun.com.br\/wp-content\/uploads\/2016\/10\/infantil11.jpg\">\n\t\t\t\t\t\t\t\t\t<div class=\"b-link-stroke b-animate-go\">\n\t\t\t\t\t\t\t\t\t\t<img src=\"http:\/\/www.buffetcancun.com.br\/wp-content\/uploads\/2016\/10\/infantil11-500x500.jpg\" class=\"gall-img-responsive\" alt=\"\">\n\t\t\t\t\t\t\t\t\t<\/div>\n\t\t\t\t\t\t\t\t<\/a>\n\n\t\t\t\t\t\t\t\t<!--Gallery Label-->\n\t\t\t\t\t\t\t\t\t\t\t\t\t\t\t<\/div>\n\t\t\t\t\t\t<\/div>\n\t\t\t\t\t\t\t\t\t\t\t\t<div class=\"col-md-6 col-sm-6 wl-gallery\" >\n\t\t\t\t\t\t\t<div class=\"img-box-shadow\">\n\t\t\t\t\t\t\t\n\t\t\t\t\t\t\t\t\t\t\t\t\t\t\t\t<a title=\"\" class=\"swipebox_111\"  href=\"http:\/\/www.buffetcancun.com.br\/wp-content\/uploads\/2016\/10\/infantil13.jpg\">\n\t\t\t\t\t\t\t\t\t<div class=\"b-link-stroke b-animate-go\">\n\t\t\t\t\t\t\t\t\t\t<img src=\"http:\/\/www.buffetcancun.com.br\/wp-content\/uploads\/2016\/10\/infantil13-500x500.jpg\" class=\"gall-img-responsive\" alt=\"\">\n\t\t\t\t\t\t\t\t\t<\/div>\n\t\t\t\t\t\t\t\t<\/a>\n\n\t\t\t\t\t\t\t\t<!--Gallery Label-->\n\t\t\t\t\t\t\t\t\t\t\t\t\t\t\t<\/div>\n\t\t\t\t\t\t<\/div>\n\t\t\t\t\t\t\t\t\t\t\t\t<div class=\"col-md-6 col-sm-6 wl-gallery\" >\n\t\t\t\t\t\t\t<div class=\"img-box-shadow\">\n\t\t\t\t\t\t\t\n\t\t\t\t\t\t\t\t\t\t\t\t\t\t\t\t<a title=\"\" class=\"swipebox_111\"  href=\"http:\/\/www.buffetcancun.com.br\/wp-content\/uploads\/2017\/05\/GOPR0808.jpg\">\n\t\t\t\t\t\t\t\t\t<div class=\"b-link-stroke b-animate-go\">\n\t\t\t\t\t\t\t\t\t\t<img src=\"http:\/\/www.buffetcancun.com.br\/wp-content\/uploads\/2017\/05\/GOPR0808-500x500.jpg\" class=\"gall-img-responsive\" alt=\"\">\n\t\t\t\t\t\t\t\t\t<\/div>\n\t\t\t\t\t\t\t\t<\/a>\n\n\t\t\t\t\t\t\t\t<!--Gallery Label-->\n\t\t\t\t\t\t\t\t\t\t\t\t\t\t\t<\/div>\n\t\t\t\t\t\t<\/div>\n\t\t\t\t\t\t\t\t\t\t\t\t<div class=\"col-md-6 col-sm-6 wl-gallery\" >\n\t\t\t\t\t\t\t<div class=\"img-box-shadow\">\n\t\t\t\t\t\t\t\n\t\t\t\t\t\t\t\t\t\t\t\t\t\t\t\t<a title=\"\" class=\"swipebox_111\"  href=\"http:\/\/www.buffetcancun.com.br\/wp-content\/uploads\/2017\/05\/GOPR0801.jpg\">\n\t\t\t\t\t\t\t\t\t<div class=\"b-link-stroke b-animate-go\">\n\t\t\t\t\t\t\t\t\t\t<img src=\"http:\/\/www.buffetcancun.com.br\/wp-content\/uploads\/2017\/05\/GOPR0801-500x500.jpg\" class=\"gall-img-responsive\" alt=\"\">\n\t\t\t\t\t\t\t\t\t<\/div>\n\t\t\t\t\t\t\t\t<\/a>\n\n\t\t\t\t\t\t\t\t<!--Gallery Label-->\n\t\t\t\t\t\t\t\t\t\t\t\t\t\t\t<\/div>\n\t\t\t\t\t\t<\/div>\n\t\t\t\t\t\t\t\t\t\t\t\t<div class=\"col-md-6 col-sm-6 wl-gallery\" >\n\t\t\t\t\t\t\t<div class=\"img-box-shadow\">\n\t\t\t\t\t\t\t\n\t\t\t\t\t\t\t\t\t\t\t\t\t\t\t\t<a title=\"\" class=\"swipebox_111\"  href=\"http:\/\/www.buffetcancun.com.br\/wp-content\/uploads\/2017\/05\/GOPR0805.jpg\">\n\t\t\t\t\t\t\t\t\t<div class=\"b-link-stroke b-animate-go\">\n\t\t\t\t\t\t\t\t\t\t<img src=\"http:\/\/www.buffetcancun.com.br\/wp-content\/uploads\/2017\/05\/GOPR0805-500x500.jpg\" class=\"gall-img-responsive\" alt=\"\">\n\t\t\t\t\t\t\t\t\t<\/div>\n\t\t\t\t\t\t\t\t<\/a>\n\n\t\t\t\t\t\t\t\t<!--Gallery Label-->\n\t\t\t\t\t\t\t\t\t\t\t\t\t\t\t<\/div>\n\t\t\t\t\t\t<\/div>\n\t\t\t\t\t\t\t\t\t\t<\/div>\n\t\t    <\/div>\n\n\t<!-- Swipe Box-->\n\t<script type=\"text\/javascript\">\n\tjQuery(document).ready(function(){\n\t\t;( function( jQuery ) {\n\t\t\tjQuery( '.swipebox_111' ).swipebox({\n\t\t\t\t\t\t\thideBarsDelay:0,\n\t\t\t\t\t\t\thideCloseButtonOnMobile : false,\n\t\t\t\t\t\t});\n\t\t})( jQuery );\n\t});\n\n\tjQuery('.gallery1').imagesLoaded( function(){\n\t  jQuery('.gallery1').masonry({\n\t   itemSelector: '.wl-gallery',\n\t   isAnimated: true,\n\t   isFitWidth: true\n\t  });\n\t});\n\t<\/script>\n\t\n        \n","protected":false},"excerpt":{"rendered":"<p>Sugest\u00e3o de decorac\u00f5es do ambiente (sal\u00e3o), mas temos outras\u00a0opc\u00f5es a escolher.<\/p>\n","protected":false},"author":1,"featured_media":0,"parent":28,"menu_order":0,"comment_status":"closed","ping_status":"closed","template":"template-fullwidth.php","meta":[],"_links":{"self":[{"href":"https:\/\/www.buffetcancun.com.br\/index.php\/wp-json\/wp\/v2\/pages\/30"}],"collection":[{"href":"https:\/\/www.buffetcancun.com.br\/index.php\/wp-json\/wp\/v2\/pages"}],"about":[{"href":"https:\/\/www.buffetcancun.com.br\/index.php\/wp-json\/wp\/v2\/types\/page"}],"author":[{"embeddable":true,"href":"https:\/\/www.buffetcancun.com.br\/index.php\/wp-json\/wp\/v2\/users\/1"}],"replies":[{"embeddable":true,"href":"https:\/\/www.buffetcancun.com.br\/index.php\/wp-json\/wp\/v2\/comments?post=30"}],"version-history":[{"count":8,"href":"https:\/\/www.buffetcancun.com.br\/index.php\/wp-json\/wp\/v2\/pages\/30\/revisions"}],"predecessor-version":[{"id":149,"href":"https:\/\/www.buffetcancun.com.br\/index.php\/wp-json\/wp\/v2\/pages\/30\/revisions\/149"}],"up":[{"embeddable":true,"href":"https:\/\/www.buffetcancun.com.br\/index.php\/wp-json\/wp\/v2\/pages\/28"}],"wp:attachment":[{"href":"https:\/\/www.buffetcancun.com.br\/index.php\/wp-json\/wp\/v2\/media?parent=30"}],"curies":[{"name":"wp","href":"https:\/\/api.w.org\/{rel}","templated":true}]}}